{"id":32,"date":"2017-09-17T21:24:43","date_gmt":"2017-09-17T19:24:43","guid":{"rendered":"http:\/\/www.masika-sipa.de\/?page_id=32"},"modified":"2023-10-09T12:10:43","modified_gmt":"2023-10-09T10:10:43","slug":"vortraege","status":"publish","type":"page","link":"https:\/\/www.masika-sipa.de\/en\/vortraege\/","title":{"rendered":"Vortr\u00e4ge"},"content":{"rendered":"<p>&nbsp;<\/p>\n<p style=\"text-align: justify;\">Wer meine Reisen live und in Farbe erleben m\u00f6chte, aber nicht selbst nach Madagaskar kommt: Ab und zu halte ich Vortr\u00e4ge. Man muss mich nur fragen, oder hier immer mal wieder reinschauen. Thematisch ist quasi alles m\u00f6glich, was Madagaskars Natur zum Thema hat. Blattschwanzgeckos, Taggeckos, Cham\u00e4leons, bestimmte Schutzgebiete\u00a0 &#8211; oder einfach von allem ein bisschen was.<\/p>\n<table style=\"width: 100%; height: 276px;\">\n<tbody>\n<tr style=\"height: 25px;\">\n<td style=\"height: 25px; width: 18.75%;\">Datum<\/td>\n<td style=\"height: 25px; width: 43.9312%;\">Gastgeber und Ort<\/td>\n<td style=\"height: 25px; width: 37.2283%;\">Thema<\/td>\n<\/tr>\n<tr style=\"height: 101px;\">\n<td style=\"height: 101px; width: 18.75%;\">13. Januar 2023<br \/>\n20:00 Uhr<\/td>\n<td style=\"height: 101px; width: 43.9312%;\">DGHT Regionalgruppe Saar-Pfalz<br \/>\nZooschule des Neunkirchner Zoo<br \/>\nZoostra\u00dfe 25<br \/>\n66538 Neunkirchen<br \/>\nwww.saar-pfalz.dght.de<\/td>\n<td style=\"height: 101px; width: 37.2283%;\">Camping mit Cham\u00e4leons<br \/>\n&#8211; Madagaskars Nordostk\u00fcste<\/td>\n<\/tr>\n<tr style=\"height: 100px;\">\n<td style=\"height: 100px; width: 18.75%;\">18. November 2023<br \/>\n19:00 Uhr<\/td>\n<td style=\"height: 100px; width: 43.9312%;\">\n<p>DGHT AG Amphibien- und Reptilienkrankheiten<br \/>\nOnline-Herbsttagung<br \/>\n<a href=\"https:\/\/www.dght-frankfurt.de\/\" target=\"_blank\" rel=\"noopener\">www.agark.de<\/a><\/p>\n<\/td>\n<td style=\"height: 100px; width: 37.2283%;\">Prophylaxe bei Cham\u00e4leons &#8211; Geht das und wenn ja, wie?<\/td>\n<\/tr>\n<tr style=\"height: 25px;\">\n<td style=\"height: 25px; width: 18.75%;\">\u00a0<\/td>\n<td style=\"height: 25px; width: 43.9312%;\">\u00a0<\/td>\n<td style=\"height: 25px; width: 37.2283%;\">\u00a0<\/td>\n<\/tr>\n<tr style=\"height: 25px;\">\n<td style=\"height: 25px; width: 18.75%;\">\u00a0<\/td>\n<td style=\"height: 25px; width: 43.9312%;\">\u00a0<\/td>\n<td style=\"height: 25px; width: 37.2283%;\">\u00a0<\/td>\n<\/tr>\n<\/tbody>\n<\/table>\n<p>&nbsp;<\/p>\n<p>&nbsp;<\/p>\n","protected":false},"excerpt":{"rendered":"<p>&nbsp; Wer meine Reisen live und in Farbe erleben m\u00f6chte, aber nicht selbst nach Madagaskar kommt: Ab und zu halte ich Vortr\u00e4ge. Man muss mich&#8230;<\/p>\n","protected":false},"author":1,"featured_media":0,"parent":0,"menu_order":0,"comment_status":"closed","ping_status":"closed","template":"","meta":[],"_links":{"self":[{"href":"https:\/\/www.masika-sipa.de\/en\/wp-json\/wp\/v2\/pages\/32"}],"collection":[{"href":"https:\/\/www.masika-sipa.de\/en\/wp-json\/wp\/v2\/pages"}],"about":[{"href":"https:\/\/www.masika-sipa.de\/en\/wp-json\/wp\/v2\/types\/page"}],"author":[{"embeddable":true,"href":"https:\/\/www.masika-sipa.de\/en\/wp-json\/wp\/v2\/users\/1"}],"replies":[{"embeddable":true,"href":"https:\/\/www.masika-sipa.de\/en\/wp-json\/wp\/v2\/comments?post=32"}],"version-history":[{"count":31,"href":"https:\/\/www.masika-sipa.de\/en\/wp-json\/wp\/v2\/pages\/32\/revisions"}],"predecessor-version":[{"id":7157,"href":"https:\/\/www.masika-sipa.de\/en\/wp-json\/wp\/v2\/pages\/32\/revisions\/7157"}],"wp:attachment":[{"href":"https:\/\/www.masika-sipa.de\/en\/wp-json\/wp\/v2\/media?parent=32"}],"curies":[{"name":"wp","href":"https:\/\/api.w.org\/{rel}","templated":true}]}}