{"id":3177,"date":"2018-04-27T13:32:53","date_gmt":"2018-04-27T11:32:53","guid":{"rendered":"http:\/\/www.masika-sipa.de\/?page_id=3177"},"modified":"2018-08-19T21:20:38","modified_gmt":"2018-08-19T19:20:38","slug":"impressum","status":"publish","type":"page","link":"https:\/\/www.masika-sipa.de\/en\/impressum\/","title":{"rendered":"Impressum"},"content":{"rendered":"<p><strong>Anbieter der vorliegenden Website:<\/strong><\/p>\n<p>Dr. Alexandra Laube<br \/>\nAm Damm 5<br \/>\n55262 Heidesheim am Rhein<\/p>\n<p>e-Mail: info@masika-sipa.de<br \/>\nWebsite: www.masika-sipa.de<\/p>\n<p style=\"text-align: justify;\">Es handelt sich bei masika-sipa.de um eine rein privat betriebene Website. Die Telefonnummer kann per E-Mail oder auf dem Postwege problemlos erfragt werden und wird aus Gr\u00fcnden des Datenschutzes hier nicht ver\u00f6ffentlicht.<\/p>\n<div class=\"one_half last \" style=\"text-align: left;\">\n<p><strong>Fotos und Inhalte<\/strong><\/p>\n<p style=\"text-align: justify;\">Fotos und Inhalte \u00a9 by Dr. Alexandra Laube. Alle Bilder und Inhalte unterliegen dem Urheberrecht. Eine Weiterverwendung der Bilder ist nur mit ausdr\u00fccklicher, schriftlicher Genehmigung meinerseits gestattet. Bei Fragen wenden Sie sich bitte an die oben genannte E-Mail-Adresse.<\/p>\n<p><strong>Links zu anderen Websites<\/strong><\/p>\n<p style=\"text-align: justify;\">F\u00fcr alle Verweise (Links) zu fremden Websites, die auf diesen Seiten angebracht sind, gilt: Ich m\u00f6chte ausdr\u00fccklich betonen, dass ich keinerlei Einfluss auf die Gestaltung und Inhalte der verlinkten Webseiten haben. Diese Erkl\u00e4rung gilt f\u00fcr alle auf meiner Homepage ausgebrachten Links und f\u00fcr alle Inhalte der Seiten, zu denen Links, Banner oder sonstige Verkn\u00fcpfungen f\u00fchren.<\/p>\n<p style=\"text-align: justify;\"><strong>Datenschutzerkl\u00e4rung<\/strong><\/p>\n<p style=\"text-align: justify;\">Da meine Datenschutzerkl\u00e4rung auf Grund der Kommentier- und Teil-M\u00f6glichkeiten dieses Blogs sehr lang geworden ist, wurde sie auf eine eigene Seite ausgelagert. Bitte folge <a href=\"https:\/\/www.masika-sipa.de\/datenschutzerklaerung\/\">diesem Link<\/a>, um die Datenschutzerkl\u00e4rung f\u00fcr masika-sipa.de einzusehen.<\/p>\n<\/div>\n","protected":false},"excerpt":{"rendered":"<p>Anbieter der vorliegenden Website: Dr. Alexandra Laube Am Damm 5 55262 Heidesheim am Rhein e-Mail: info@masika-sipa.de Website: www.masika-sipa.de Es handelt sich bei masika-sipa.de um eine&#8230;<\/p>\n","protected":false},"author":1,"featured_media":0,"parent":0,"menu_order":0,"comment_status":"closed","ping_status":"closed","template":"","meta":[],"_links":{"self":[{"href":"https:\/\/www.masika-sipa.de\/en\/wp-json\/wp\/v2\/pages\/3177"}],"collection":[{"href":"https:\/\/www.masika-sipa.de\/en\/wp-json\/wp\/v2\/pages"}],"about":[{"href":"https:\/\/www.masika-sipa.de\/en\/wp-json\/wp\/v2\/types\/page"}],"author":[{"embeddable":true,"href":"https:\/\/www.masika-sipa.de\/en\/wp-json\/wp\/v2\/users\/1"}],"replies":[{"embeddable":true,"href":"https:\/\/www.masika-sipa.de\/en\/wp-json\/wp\/v2\/comments?post=3177"}],"version-history":[{"count":5,"href":"https:\/\/www.masika-sipa.de\/en\/wp-json\/wp\/v2\/pages\/3177\/revisions"}],"predecessor-version":[{"id":3927,"href":"https:\/\/www.masika-sipa.de\/en\/wp-json\/wp\/v2\/pages\/3177\/revisions\/3927"}],"wp:attachment":[{"href":"https:\/\/www.masika-sipa.de\/en\/wp-json\/wp\/v2\/media?parent=3177"}],"curies":[{"name":"wp","href":"https:\/\/api.w.org\/{rel}","templated":true}]}}